{"id":2,"date":"2023-08-29T13:18:37","date_gmt":"2023-08-29T13:18:37","guid":{"rendered":"https:\/\/bip-inzenjering.hr\/?page_id=2"},"modified":"2023-12-05T15:11:06","modified_gmt":"2023-12-05T15:11:06","slug":"sample-page","status":"publish","type":"page","link":"https:\/\/bip-inzenjering.hr\/","title":{"rendered":"Izrada strojarskih projekata"},"content":{"rendered":"\n<ul class=\"wp-block-list\">\n<li>stranica u izradi<\/li>\n<\/ul>\n\n\n\n<p><\/p>\n\n\n\n<p>Ukoliko nas \u017eelite kontaktirati, mo\u017eete na e-mail: <a href=\"ured.bip@gmail.com\">ured.bip@gmail.com<\/a><\/p>\n\n\n\n<p>Hrvoje Marijan Bo\u017ei\u010devi\u0107 &#8211; telefon: 098 580 426<\/p>\n\n\n\n<p><\/p>\n\n\n\n<p><\/p>\n","protected":false},"excerpt":{"rendered":"<p>Ukoliko nas \u017eelite kontaktirati, mo\u017eete na e-mail: ured.bip@gmail.com Hrvoje Marijan Bo\u017ei\u010devi\u0107 &#8211; telefon: 098 580 426<\/p>\n","protected":false},"author":1,"featured_media":0,"parent":0,"menu_order":0,"comment_status":"closed","ping_status":"open","template":"","meta":{"footnotes":""},"class_list":["post-2","page","type-page","status-publish","hentry"],"yoast_head":"<!-- This site is optimized with the Yoast SEO plugin v21.6 - https:\/\/yoast.com\/wordpress\/plugins\/seo\/ -->\n<title>Izrada strojarskih projekata - Bip In\u017eenjering d.o.o.<\/title>\n<meta name=\"robots\" content=\"index, follow, max-snippet:-1, max-image-preview:large, max-video-preview:-1\" \/>\n<link rel=\"canonical\" href=\"https:\/\/bip-inzenjering.hr\/\" \/>\n<meta property=\"og:locale\" content=\"hr_HR\" \/>\n<meta property=\"og:type\" content=\"article\" \/>\n<meta property=\"og:title\" content=\"Izrada strojarskih projekata - Bip In\u017eenjering d.o.o.\" \/>\n<meta property=\"og:description\" content=\"Ukoliko nas \u017eelite kontaktirati, mo\u017eete na e-mail: ured.bip@gmail.com Hrvoje Marijan Bo\u017ei\u010devi\u0107 &#8211; telefon: 098 580 426\" \/>\n<meta property=\"og:url\" content=\"https:\/\/bip-inzenjering.hr\/\" \/>\n<meta property=\"og:site_name\" content=\"Bip In\u017eenjering d.o.o.\" \/>\n<meta property=\"article:modified_time\" content=\"2023-12-05T15:11:06+00:00\" \/>\n<meta name=\"twitter:card\" content=\"summary_large_image\" \/>\n<meta name=\"twitter:label1\" content=\"Procijenjeno vrijeme \u010ditanja\" \/>\n\t<meta name=\"twitter:data1\" content=\"1 minuta\" \/>\n<script type=\"application\/ld+json\" class=\"yoast-schema-graph\">{\"@context\":\"https:\/\/schema.org\",\"@graph\":[{\"@type\":\"WebPage\",\"@id\":\"https:\/\/bip-inzenjering.hr\/\",\"url\":\"https:\/\/bip-inzenjering.hr\/\",\"name\":\"Izrada strojarskih projekata - Bip In\u017eenjering d.o.o.\",\"isPartOf\":{\"@id\":\"https:\/\/bip-inzenjering.hr\/#website\"},\"datePublished\":\"2023-08-29T13:18:37+00:00\",\"dateModified\":\"2023-12-05T15:11:06+00:00\",\"breadcrumb\":{\"@id\":\"https:\/\/bip-inzenjering.hr\/#breadcrumb\"},\"inLanguage\":\"hr\",\"potentialAction\":[{\"@type\":\"ReadAction\",\"target\":[\"https:\/\/bip-inzenjering.hr\/\"]}]},{\"@type\":\"BreadcrumbList\",\"@id\":\"https:\/\/bip-inzenjering.hr\/#breadcrumb\",\"itemListElement\":[{\"@type\":\"ListItem\",\"position\":1,\"name\":\"Po\u010detna stranica\",\"item\":\"https:\/\/bip-inzenjering.hr\/\"},{\"@type\":\"ListItem\",\"position\":2,\"name\":\"Izrada strojarskih projekata\"}]},{\"@type\":\"WebSite\",\"@id\":\"https:\/\/bip-inzenjering.hr\/#website\",\"url\":\"https:\/\/bip-inzenjering.hr\/\",\"name\":\"Bip In\u017eenjering d.o.o.\",\"description\":\"\",\"potentialAction\":[{\"@type\":\"SearchAction\",\"target\":{\"@type\":\"EntryPoint\",\"urlTemplate\":\"https:\/\/bip-inzenjering.hr\/?s={search_term_string}\"},\"query-input\":\"required name=search_term_string\"}],\"inLanguage\":\"hr\"}]}<\/script>\n<!-- \/ Yoast SEO plugin. -->","yoast_head_json":{"title":"Izrada strojarskih projekata - Bip In\u017eenjering d.o.o.","robots":{"index":"index","follow":"follow","max-snippet":"max-snippet:-1","max-image-preview":"max-image-preview:large","max-video-preview":"max-video-preview:-1"},"canonical":"https:\/\/bip-inzenjering.hr\/","og_locale":"hr_HR","og_type":"article","og_title":"Izrada strojarskih projekata - Bip In\u017eenjering d.o.o.","og_description":"Ukoliko nas \u017eelite kontaktirati, mo\u017eete na e-mail: ured.bip@gmail.com Hrvoje Marijan Bo\u017ei\u010devi\u0107 &#8211; telefon: 098 580 426","og_url":"https:\/\/bip-inzenjering.hr\/","og_site_name":"Bip In\u017eenjering d.o.o.","article_modified_time":"2023-12-05T15:11:06+00:00","twitter_card":"summary_large_image","twitter_misc":{"Procijenjeno vrijeme \u010ditanja":"1 minuta"},"schema":{"@context":"https:\/\/schema.org","@graph":[{"@type":"WebPage","@id":"https:\/\/bip-inzenjering.hr\/","url":"https:\/\/bip-inzenjering.hr\/","name":"Izrada strojarskih projekata - Bip In\u017eenjering d.o.o.","isPartOf":{"@id":"https:\/\/bip-inzenjering.hr\/#website"},"datePublished":"2023-08-29T13:18:37+00:00","dateModified":"2023-12-05T15:11:06+00:00","breadcrumb":{"@id":"https:\/\/bip-inzenjering.hr\/#breadcrumb"},"inLanguage":"hr","potentialAction":[{"@type":"ReadAction","target":["https:\/\/bip-inzenjering.hr\/"]}]},{"@type":"BreadcrumbList","@id":"https:\/\/bip-inzenjering.hr\/#breadcrumb","itemListElement":[{"@type":"ListItem","position":1,"name":"Po\u010detna stranica","item":"https:\/\/bip-inzenjering.hr\/"},{"@type":"ListItem","position":2,"name":"Izrada strojarskih projekata"}]},{"@type":"WebSite","@id":"https:\/\/bip-inzenjering.hr\/#website","url":"https:\/\/bip-inzenjering.hr\/","name":"Bip In\u017eenjering d.o.o.","description":"","potentialAction":[{"@type":"SearchAction","target":{"@type":"EntryPoint","urlTemplate":"https:\/\/bip-inzenjering.hr\/?s={search_term_string}"},"query-input":"required name=search_term_string"}],"inLanguage":"hr"}]}},"_links":{"self":[{"href":"https:\/\/bip-inzenjering.hr\/index.php\/wp-json\/wp\/v2\/pages\/2","targetHints":{"allow":["GET"]}}],"collection":[{"href":"https:\/\/bip-inzenjering.hr\/index.php\/wp-json\/wp\/v2\/pages"}],"about":[{"href":"https:\/\/bip-inzenjering.hr\/index.php\/wp-json\/wp\/v2\/types\/page"}],"author":[{"embeddable":true,"href":"https:\/\/bip-inzenjering.hr\/index.php\/wp-json\/wp\/v2\/users\/1"}],"replies":[{"embeddable":true,"href":"https:\/\/bip-inzenjering.hr\/index.php\/wp-json\/wp\/v2\/comments?post=2"}],"version-history":[{"count":6,"href":"https:\/\/bip-inzenjering.hr\/index.php\/wp-json\/wp\/v2\/pages\/2\/revisions"}],"predecessor-version":[{"id":21,"href":"https:\/\/bip-inzenjering.hr\/index.php\/wp-json\/wp\/v2\/pages\/2\/revisions\/21"}],"wp:attachment":[{"href":"https:\/\/bip-inzenjering.hr\/index.php\/wp-json\/wp\/v2\/media?parent=2"}],"curies":[{"name":"wp","href":"https:\/\/api.w.org\/{rel}","templated":true}]}}